{"id":20,"date":"2019-02-28T07:07:17","date_gmt":"2019-02-28T07:07:17","guid":{"rendered":"http:\/\/boost-technics.nl\/?page_id=20"},"modified":"2026-01-19T14:28:41","modified_gmt":"2026-01-19T14:28:41","slug":"contact","status":"publish","type":"page","link":"https:\/\/dm-belgie.be\/?page_id=20","title":{"rendered":"Contact"},"content":{"rendered":"\n<p class=\"has-text-align-center has-medium-font-size\"><\/p>\n\n\n\n<p class=\"has-text-align-center has-medium-font-size\"><strong>DM Technics <\/strong>Belgi\u00eb<\/p>\n\n\n\n<center>Pathoekeweg 9B<br>\n8000 Brugge Belgi\u00eb<br><center><\/center><\/center>\n<center>Tel: +32 (0)50 893875<\/center>\n<center>Brugge@Dm-Technics.com<\/center><br>\n\n<center>Jacob Besagestraat 40<br>\n8400 Oostedne Belgi\u00eb<br><center><\/center><\/center>\n<center>Tel: +32 (0)59 791460<\/center>\n<center>Oostende@Dm-Technics.com<\/center><br>\n\n\n<div class=\"wpforms-container wpforms-container-full wpforms-block wpforms-block-eb75f182-bee2-4518-983d-e53004d29241\" id=\"wpforms-608\"><form id=\"wpforms-form-608\" class=\"wpforms-validate wpforms-form\" data-formid=\"608\" method=\"post\" enctype=\"multipart\/form-data\" action=\"\/index.php?rest_route=%2Fwp%2Fv2%2Fpages%2F20\" data-token=\"8aad085e8a8db4f7f28b54647effdee3\" data-token-time=\"1776153547\"><noscript class=\"wpforms-error-noscript\">Schakel JavaScript in je browser in om dit formulier in te vullen.<\/noscript><div class=\"wpforms-field-container\"><div id=\"wpforms-608-field_1-container\" class=\"wpforms-field wpforms-field-name\" data-field-id=\"1\"><label class=\"wpforms-field-label\" for=\"wpforms-608-field_1\">Your Name <span class=\"wpforms-required-label\">*<\/span><\/label><input type=\"text\" id=\"wpforms-608-field_1\" class=\"wpforms-field-medium wpforms-field-required\" name=\"wpforms[fields][1]\" required><\/div><div id=\"wpforms-608-field_2-container\" class=\"wpforms-field wpforms-field-email\" data-field-id=\"2\"><label class=\"wpforms-field-label\" for=\"wpforms-608-field_2\">Your Email <span class=\"wpforms-required-label\">*<\/span><\/label><input type=\"email\" id=\"wpforms-608-field_2\" class=\"wpforms-field-medium wpforms-field-required\" name=\"wpforms[fields][2]\" spellcheck=\"false\" required><\/div><div id=\"wpforms-608-field_3-container\" class=\"wpforms-field wpforms-field-text\" data-field-id=\"3\"><label class=\"wpforms-field-label\" for=\"wpforms-608-field_3\">Subject <span class=\"wpforms-required-label\">*<\/span><\/label><input type=\"text\" id=\"wpforms-608-field_3\" class=\"wpforms-field-medium wpforms-field-required\" name=\"wpforms[fields][3]\" required><\/div><div id=\"wpforms-608-field_4-container\" class=\"wpforms-field wpforms-field-textarea\" data-field-id=\"4\"><label class=\"wpforms-field-label\" for=\"wpforms-608-field_4\">Your message <span class=\"wpforms-required-label\">*<\/span><\/label><textarea id=\"wpforms-608-field_4\" class=\"wpforms-field-small wpforms-field-required\" name=\"wpforms[fields][4]\" required><\/textarea><\/div><\/div><!-- .wpforms-field-container --><div class=\"wpforms-submit-container\" ><input type=\"hidden\" name=\"wpforms[id]\" value=\"608\"><input type=\"hidden\" name=\"page_title\" value=\"\"><input type=\"hidden\" name=\"page_url\" value=\"https:\/\/dm-belgie.be\/index.php?rest_route=\/wp\/v2\/pages\/20\"><input type=\"hidden\" name=\"url_referer\" value=\"\"><button type=\"submit\" name=\"wpforms[submit]\" id=\"wpforms-submit-608\" class=\"wpforms-submit\" data-alt-text=\"Aan het verzenden\" data-submit-text=\"Send Message\" aria-live=\"assertive\" value=\"wpforms-submit\">Send Message<\/button><\/div><\/form><\/div>  <!-- .wpforms-container -->","protected":false},"excerpt":{"rendered":"<p>DM Technics Belgi\u00eb Pathoekeweg 9B 8000 Brugge Belgi\u00eb Tel: +32 (0)50 893875 Brugge@Dm-Technics.com Jacob Besagestraat 40 8400 Oostedne Belgi\u00eb Tel: +32 (0)59 791460 Oostende@Dm-Technics.com<\/p>\n","protected":false},"author":3,"featured_media":0,"parent":0,"menu_order":0,"comment_status":"closed","ping_status":"closed","template":"","meta":{"footnotes":""},"class_list":["post-20","page","type-page","status-publish","hentry"],"_links":{"self":[{"href":"https:\/\/dm-belgie.be\/index.php?rest_route=\/wp\/v2\/pages\/20","targetHints":{"allow":["GET"]}}],"collection":[{"href":"https:\/\/dm-belgie.be\/index.php?rest_route=\/wp\/v2\/pages"}],"about":[{"href":"https:\/\/dm-belgie.be\/index.php?rest_route=\/wp\/v2\/types\/page"}],"author":[{"embeddable":true,"href":"https:\/\/dm-belgie.be\/index.php?rest_route=\/wp\/v2\/users\/3"}],"replies":[{"embeddable":true,"href":"https:\/\/dm-belgie.be\/index.php?rest_route=%2Fwp%2Fv2%2Fcomments&post=20"}],"version-history":[{"count":41,"href":"https:\/\/dm-belgie.be\/index.php?rest_route=\/wp\/v2\/pages\/20\/revisions"}],"predecessor-version":[{"id":1134,"href":"https:\/\/dm-belgie.be\/index.php?rest_route=\/wp\/v2\/pages\/20\/revisions\/1134"}],"wp:attachment":[{"href":"https:\/\/dm-belgie.be\/index.php?rest_route=%2Fwp%2Fv2%2Fmedia&parent=20"}],"curies":[{"name":"wp","href":"https:\/\/api.w.org\/{rel}","templated":true}]}}